{"id":154,"date":"2017-05-17T17:32:09","date_gmt":"2017-05-17T17:32:09","guid":{"rendered":"http:\/\/tommustester.wpengine.com\/?page_id=154"},"modified":"2026-01-05T11:22:58","modified_gmt":"2026-01-05T10:22:58","slug":"home-2","status":"publish","type":"page","link":"https:\/\/2p-renovations.ch\/","title":{"rendered":"Bienvenue"},"content":{"rendered":"<p>[vc_row full_width=\u00a0\u00bbstretch_row_content_no_spaces\u00a0\u00bb el_id=\u00a0\u00bbhome\u00a0\u00bb][vc_column][\/vc_column][\/vc_row][vc_section full_width=\u00a0\u00bbstretch_row\u00a0\u00bb el_id=\u00a0\u00bbservices\u00a0\u00bb][vc_row][vc_column width=\u00a0\u00bb1\/6&Prime;][\/vc_column][vc_column width=\u00a0\u00bb1\/6&Prime;][\/vc_column][\/vc_row][vc_row full_width=\u00a0\u00bbstretch_row_content_no_spaces\u00a0\u00bb][vc_column][layerslider_vc id=\u00a0\u00bb1&Prime;][\/vc_column][\/vc_row][\/vc_section][vc_section full_width=\u00a0\u00bbstretch_row\u00a0\u00bb parallax=\u00a0\u00bbcontent-moving\u00a0\u00bb parallax_image=\u00a0\u00bb168&Prime; parallax_speed_bg=\u00a0\u00bb2.5&Prime; el_class=\u00a0\u00bbinverse-wrapper\u00a0\u00bb el_id=\u00a0\u00bbdomaines\u00a0\u00bb][vc_row][vc_column width=\u00a0\u00bb1\/12&Prime;][\/vc_column][vc_column width=\u00a0\u00bb10\/12&Prime;][vc_column_text]<\/p>\n<h2 class=\"section-title text-center\" style=\"text-align: center;\">NOS DOMAINES D&rsquo;ACTIVIT\u00c9<\/h2>\n<p>[\/vc_column_text][vc_row_inner][vc_column_inner width=\u00a0\u00bb1\/4&Prime;]\n\t\t<div class=\"circle-progress-wrapper\">\n\t\t\t<div class=\"circle-progress\">\n\t\t\t\t<div class=\"circle\" data-value=\"99\"> <i class=\"fa budicon-diamond\"><\/i><\/div>\n\t\t\t\t<h4 class=\"upper\">PL\u00c2TRERIE<\/h4>\n\t\t\t\t<\/p>\n<p style=\"text-align: center;\">Gypsage<br><br \/>\nConstruction \u00e0 sec alba<br><br \/>\nPlacopl\u00e2tre<br><br \/>\nLissage<br><br \/>\nR\u00e9paration de pl\u00e2tre<br><br \/>\nDoublage<br><br \/>\nCloisons<br><br \/>\nPose de faux plafonds\n\t\t\t<\/div>\n\t\t<\/div>\n\t[vc_single_image image=\u00a0\u00bb471&Prime; img_size=\u00a0\u00bb300&#215;200&Prime;][\/vc_column_inner][vc_column_inner width=\u00a0\u00bb1\/4&Prime;]\n\t\t<div class=\"circle-progress-wrapper\">\n\t\t\t<div class=\"circle-progress\">\n\t\t\t\t<div class=\"circle\" data-value=\"99\"> <i class=\"fa budicon-diamond\"><\/i><\/div>\n\t\t\t\t<h4 class=\"upper\">PEINTURE<\/h4>\n\t\t\t\t<\/p>\n<p style=\"text-align: center;\">Travaux de peinture pour:<\/p>\n<p style=\"text-align: center;\">Int\u00e9rieur et Ext\u00e9rieur<br><br \/>\nChambres<br><br \/>\nBureaux<br><br \/>\nSalons<br><br \/>\nCuisines<br><br \/>\nSalles de bains<br><br \/>\nRev\u00eatements ext\u00e9rieurs<br><br \/>\nFa\u00e7ades et balcons<br><br \/>\nBoiseries int\u00e9rieures et ext\u00e9rieures<br><br \/>\nMaisons neuves et r\u00e9novations<br><br \/>\nProjets cl\u00e9s en main\n\t\t\t<\/div>\n\t\t<\/div>\n\t[vc_single_image image=\u00a0\u00bb472&Prime; img_size=\u00a0\u00bb300&#215;200&Prime;][\/vc_column_inner][vc_column_inner width=\u00a0\u00bb1\/4&Prime;]\n\t\t<div class=\"circle-progress-wrapper\">\n\t\t\t<div class=\"circle-progress\">\n\t\t\t\t<div class=\"circle\" data-value=\"99\"> <i class=\"fa budicon-diamond\"><\/i><\/div>\n\t\t\t\t<h4 class=\"upper\">ISOLATION<\/h4>\n\t\t\t\t<\/p>\n<p style=\"text-align: center;\">Isolation p\u00e9riph\u00e9rique de fa\u00e7ades ext\u00e9rieures<br><br \/>\nIsolation thermique<br><br \/>\nisolation phonique<br><br \/>\nDerri\u00e8re doublage int\u00e9rieur\n\t\t\t<\/div>\n\t\t<\/div>\n\t[vc_single_image image=\u00a0\u00bb473&Prime; img_size=\u00a0\u00bb300&#215;200&Prime;][\/vc_column_inner][vc_column_inner width=\u00a0\u00bb1\/4&Prime;]\n\t\t<div class=\"circle-progress-wrapper\">\n\t\t\t<div class=\"circle-progress\">\n\t\t\t\t<div class=\"circle\" data-value=\"99\"> <i class=\"fa budicon-diamond\"><\/i><\/div>\n\t\t\t\t<h4 class=\"upper\">D\u00c9CORATION D'INT\u00c9RIEUR<\/h4>\n\t\t\t\t<\/p>\n<p style=\"text-align: center;\">Pose de lambris et panneau d\u00e9coratif 3 D<br><br \/>\nRev\u00eatement en stucco cir\u00e9<br><br \/>\nEnduit structur\u00e9<br><br \/>\nPeinture \u00e0 la chaux<br><br \/>\nApplication de la gamme de d\u00e9coration italienne Giorgio Graesan\n\t\t\t<\/div>\n\t\t<\/div>\n\t[vc_single_image image=\u00a0\u00bb474&Prime; img_size=\u00a0\u00bb300&#215;200&Prime;][\/vc_column_inner][\/vc_row_inner][\/vc_column][vc_column width=\u00a0\u00bb1\/12&Prime;][\/vc_column][\/vc_row][\/vc_section][vc_section el_id=\u00a0\u00bbportfolio\u00a0\u00bb][vc_row el_id=\u00a0\u00bbrealisations\u00a0\u00bb][vc_column][vc_column_text]<\/p>\n<h2 class=\"section-title text-center\" style=\"text-align: center;\">QUELQUES R\u00c9ALISATIONS<\/h2>\n<p>[\/vc_column_text][vc_tta_tabs style=\u00a0\u00bbmodern\u00a0\u00bb shape=\u00a0\u00bbround\u00a0\u00bb color=\u00a0\u00bbturquoise\u00a0\u00bb active_section=\u00a0\u00bb1&Prime;][vc_tta_section title=\u00a0\u00bbAigle\u00a0\u00bb tab_id=\u00a0\u00bb1553071328146-32bc4451-dd9b\u00a0\u00bb][vc_gallery interval=\u00a0\u00bb3&Prime; images=\u00a0\u00bb410,409,408,407,406,405,404,403,402,401,400,399,398,396,397,395,394,392,391,390,389,388,387,386,385,384,383,382,381,380,379&Prime; img_size=\u00a0\u00bbfull\u00a0\u00bb css_animation=\u00a0\u00bbbounceInLeft\u00a0\u00bb][vc_row_inner][vc_column_inner][\/vc_column_inner][\/vc_row_inner][\/vc_tta_section][vc_tta_section title=\u00a0\u00bbLavey\u00a0\u00bb tab_id=\u00a0\u00bb1553071328147-b3d35b40-54ff\u00a0\u00bb][\/vc_tta_section][vc_tta_section title=\u00a0\u00bbBouveret\u00a0\u00bb tab_id=\u00a0\u00bb1620203556757-d1c4bc67-4fc2&Prime;][\/vc_tta_section][vc_tta_section title=\u00a0\u00bbMonthey\u00a0\u00bb tab_id=\u00a0\u00bb1620203670214-0503baa8-025c\u00a0\u00bb][\/vc_tta_section][vc_tta_section title=\u00a0\u00bbMartigny\u00a0\u00bb tab_id=\u00a0\u00bb1620203673471-7aec9967-a8d0&Prime;][\/vc_tta_section][\/vc_tta_tabs][\/vc_column][\/vc_row][\/vc_section][vc_section el_id=\u00a0\u00bbabout\u00a0\u00bb][vc_row el_id=\u00a0\u00bbhistorique\u00a0\u00bb][vc_column][vc_column_text]<\/p>\n<h2 class=\"section-title text-center\" style=\"text-align: center;\">2P RENOVATIONS S\u00c0RL<\/h2>\n<p class=\"lead text-center\" style=\"text-align: center;\">Pour vos besoins en pl\u00e2trerie, peinture et d\u00e9coration d&rsquo;int\u00e9rieurs, faites appel \u00e0 l&rsquo;\u00e9quipe de 2P Renovations S\u00e0rl. Notre entreprise oeuvre autant au niveau commercial que r\u00e9sidentiel et prend en charge des travaux int\u00e9rieurs et ext\u00e9rieurs de r\u00e9novation. Avec une \u00e9quipe d&rsquo;exp\u00e9rience, des produits de<span tabindex=\"0\">\u00a0grande qualit\u00e9 et des services de designer \u00e0 l&rsquo;interne pour mieux cibler vos besoins, vous \u00eates entre bonnes mains.<\/span><\/p>\n<p>[\/vc_column_text][vc_row_inner][vc_column_inner width=\u00a0\u00bb1\/2&Prime;][vc_single_image image=\u00a0\u00bb481&Prime; img_size=\u00a0\u00bb600&#215;550&Prime;][\/vc_column_inner][vc_column_inner width=\u00a0\u00bb1\/2&Prime;][vc_column_text]<\/p>\n<h2>QUI SOMMES NOUS?<\/h2>\n<p>2P renovations S\u00e0rl est une entreprise de la r\u00e9gion Aiglonne sp\u00e9cialis\u00e9e dans le domaine de la r\u00e9novation en b\u00e2timent. Nous desservons le canton de Vaud et ses environs ainsi que le Valais. Notre secteur d&rsquo;activit\u00e9 touche autant le r\u00e9sidentiel que le commercial.<\/p>\n<p>Notre engagement est la satisfaction du client \u00e0 100% en plus de vous offrir des prix hautement comp\u00e9titifs.\u00a0D&rsquo;ailleurs,\u00a0la qualit\u00e9 des travaux et le service \u00e0 la client\u00e8le sont nos principales forces.<\/p>\n<p>Nous utilisons uniquement les meilleurs mat\u00e9riaux fournis par les principaux fabricants et nous sommes constamment \u00e0 l&rsquo;\u00e9coute de nos clients, nous livrons toujours nos\u00a0travaux \u00e0 temps\u00a0et avec une attention minutieuse aux d\u00e9tails.[\/vc_column_text][\/vc_column_inner][\/vc_row_inner][\/vc_column][\/vc_row][\/vc_section][vc_section full_width=\u00a0\u00bbstretch_row\u00a0\u00bb css=\u00a0\u00bb.vc_custom_1494447050493{background-color: #f5f6f7 !important;}\u00a0\u00bb][vc_row][vc_column width=\u00a0\u00bb1\/3&Prime;][vc_column_text css=\u00a0\u00bb.vc_custom_1712223457677{margin-bottom: 10px !important;}\u00a0\u00bb]<\/p>\n<h3>NOTRE\u00a0\u00c9QUIPE<\/h3>\n<p>Constitu\u00e9e en 2012, 2P Renovations<br \/>\ncompte, aujourd&rsquo;hui plus de 20 personnes<br \/>\nsp\u00e9cialis\u00e9es qui couvrent l&rsquo;ensemble des<br \/>\nprestations li\u00e9es \u00e0 la r\u00e9novation de<br \/>\nb\u00e2timents.<\/p>\n<h3>Leonardo PONISSI<br \/>\nDirection des Travaux<\/h3>\n<p>[\/vc_column_text][\/vc_column][vc_column width=\u00a0\u00bb1\/3&Prime;][vc_column_text css=\u00a0\u00bb.vc_custom_1550574003385{margin-bottom: 10px !important;}\u00a0\u00bb]<\/p>\n<h3>POURQUOI NOUS CHOISIR ?<\/h3>\n<p>[\/vc_column_text][vc_column_text]Sans doute d\u2019autres entreprises savent travailler autant bien que nous car nous ne sommes \u00e9videmment pas les seuls \u00e0 savoir le faire.<\/p>\n<p>Le succ\u00e8s que nous avons obtenu jusqu&rsquo;\u00e0 ce jour ne suffit pas \u00e0 faire de nous les seuls capables de relever les d\u00e9fis.<\/p>\n<p>Cependant nous pouvons affirmer que nous avons un avantage :<\/p>\n<ul class=\"unordered-list\">\n<li>Nous savons le faire<\/li>\n<li>Nous le faisons depuis des ann\u00e9es<\/li>\n<li>Nous aimons faire \u00e7a<\/li>\n<\/ul>\n<p>[\/vc_column_text][\/vc_column][vc_column width=\u00a0\u00bb1\/3&Prime;][vc_column_text css=\u00a0\u00bb.vc_custom_1550574012700{margin-bottom: 10px !important;}\u00a0\u00bb]<\/p>\n<h3>NOTRE FORCE<\/h3>\n<p>[\/vc_column_text]\n\t\t<ul class=\"progress-list\">\n\t\t\t<li>\n\t\t\t\t<p>Efficacit\u00e9<\/p>\n\t\t\t\t<div class=\"bar\" data-value=\"90\"><\/div>\n\t\t\t<\/li>\n\t\t<\/ul>\n\t\n\t\t<ul class=\"progress-list\">\n\t\t\t<li>\n\t\t\t\t<p>Rapidit\u00e9<\/p>\n\t\t\t\t<div class=\"bar\" data-value=\"80\"><\/div>\n\t\t\t<\/li>\n\t\t<\/ul>\n\t\n\t\t<ul class=\"progress-list\">\n\t\t\t<li>\n\t\t\t\t<p>Respect des d\u00e9lais<\/p>\n\t\t\t\t<div class=\"bar\" data-value=\"85\"><\/div>\n\t\t\t<\/li>\n\t\t<\/ul>\n\t\n\t\t<ul class=\"progress-list\">\n\t\t\t<li>\n\t\t\t\t<p>Satisfaction clients<\/p>\n\t\t\t\t<div class=\"bar\" data-value=\"100\"><\/div>\n\t\t\t<\/li>\n\t\t<\/ul>\n\t[\/vc_column][\/vc_row][\/vc_section][vc_row full_width=\u00a0\u00bbstretch_row_content_no_spaces\u00a0\u00bb el_id=\u00a0\u00bbcontact\u00a0\u00bb][vc_column][vc_zigzag][vc_column_text]<\/p>\n<h1 style=\"text-align: center;\"><strong>CONTACTEZ-NOUS<\/strong><\/h1>\n<h3 style=\"text-align: center;\">Zone Industrielle<br \/>\nChemin des Iles 14 &#8211; 1860 AIGLE<\/h3>\n<h3 style=\"text-align: center;\"><strong>T\u00e9l.024 466 26 97\u00a0 \u00a0&#8211;\u00a0 \u00a0076 608 98 30<br \/>\n<a href=\"mailto:info@2p-renovations.ch\">info@2p-renovations.ch<\/a><\/strong><\/h3>\n<p>[\/vc_column_text][vc_zigzag][vc_gmaps link=\u00a0\u00bb#E-8_JTNDaWZyYW1lJTIwc3JjJTNEJTIyaHR0cHMlM0ElMkYlMkZ3d3cuZ29vZ2xlLmNvbSUyRm1hcHMlMkZlbWJlZCUzRnBiJTNEJTIxMW0xOCUyMTFtMTIlMjExbTMlMjExZDkwMS44NDcyNjk4ODkzOTklMjEyZDYuOTQzNjQ2ODE5NjkwMDMyNSUyMTNkNDYuMjk3NTkwMTEyNTUxNjIlMjEybTMlMjExZjAlMjEyZjAlMjEzZjAlMjEzbTIlMjExaTEwMjQlMjEyaTc2OCUyMTRmMTMuMSUyMTNtMyUyMTFtMiUyMTFzMHg0NzhlYmQ1YWYxZTlhYjYzJTI1M0EweGMxZjJlNzljYTViNmNmNmMlMjEyc0NoZW1pbiUyNTIwZGVzJTI1MjAlMjVDMyUyNThFbGVzJTI1MjAxNCUyNTJDJTI1MjAxODYwJTI1MjBBaWdsZSUyMTVlMCUyMTNtMiUyMTFzZnIlMjEyc2NoJTIxNHYxNjIwMjAzNDcwNDI4JTIxNW0yJTIxMXNmciUyMTJzY2glMjIlMjB3aWR0aCUzRCUyMjYwMCUyMiUyMGhlaWdodCUzRCUyMjQ1MCUyMiUyMHN0eWxlJTNEJTIyYm9yZGVyJTNBMCUzQiUyMiUyMGFsbG93ZnVsbHNjcmVlbiUzRCUyMiUyMiUyMGxvYWRpbmclM0QlMjJsYXp5JTIyJTNFJTNDJTJGaWZyYW1lJTNF\u00a0\u00bb css=\u00a0\u00bb.vc_custom_1620203485576{padding-right: 20px !important;padding-left: 20px !important;}\u00a0\u00bb][\/vc_column][\/vc_row][vc_section full_width=\u00a0\u00bbstretch_row_content\u00a0\u00bb el_id=\u00a0\u00bbcontact\u00a0\u00bb][vc_row full_width=\u00a0\u00bbstretch_row\u00a0\u00bb][vc_column width=\u00a0\u00bb1\/2&Prime;][layerslider_vc id=\u00a0\u00bb2&Prime;][\/vc_column][vc_column width=\u00a0\u00bb1\/2&Prime;][vc_column_text]<\/p>\n<h2 style=\"text-align: center;\"><strong>POUR TOUTES INFORMATIONS ET DEMANDES<\/strong><br \/>\n<strong>VEUILLEZ NOUS CONTACTER<br \/>\nEN CLIQUANT SUR CE BOUTON<\/strong><\/h2>\n<p>[\/vc_column_text][vc_btn title=\u00a0\u00bbNOUS CONTACTER PAR MAIL\u00a0\u00bb style=\u00a0\u00bb3d\u00a0\u00bb color=\u00a0\u00bbwarning\u00a0\u00bb size=\u00a0\u00bblg\u00a0\u00bb align=\u00a0\u00bbcenter\u00a0\u00bb link=\u00a0\u00bburl:mailto%3Ainfo%402p-renovations.ch|||\u00a0\u00bb][\/vc_column][\/vc_row][\/vc_section]<\/p>\n","protected":false},"excerpt":{"rendered":"<p>[vc_row full_width=\u00a0\u00bbstretch_row_content_no_spaces\u00a0\u00bb el_id=\u00a0\u00bbhome\u00a0\u00bb][vc_column][\/vc_column][\/vc_row][vc_section full_width=\u00a0\u00bbstretch_row\u00a0\u00bb el_id=\u00a0\u00bbservices\u00a0\u00bb][vc_row][vc_column width=\u00a0\u00bb1\/6&Prime;][\/vc_column][vc_column width=\u00a0\u00bb1\/6&Prime;][\/vc_column][\/vc_row][vc_row full_width=\u00a0\u00bbstretch_row_content_no_spaces\u00a0\u00bb][vc_column][layerslider_vc id=\u00a0\u00bb1&Prime;][\/vc_column][\/vc_row][\/vc_section][vc_section full_width=\u00a0\u00bbstretch_row\u00a0\u00bb parallax=\u00a0\u00bbcontent-moving\u00a0\u00bb parallax_image=\u00a0\u00bb168&Prime; parallax_speed_bg=\u00a0\u00bb2.5&Prime; el_class=\u00a0\u00bbinverse-wrapper\u00a0\u00bb el_id=\u00a0\u00bbdomaines\u00a0\u00bb][vc_row][vc_column&#8230;<\/p>\n","protected":false},"author":1,"featured_media":0,"parent":0,"menu_order":0,"comment_status":"closed","ping_status":"closed","template":"","meta":[],"_links":{"self":[{"href":"https:\/\/2p-renovations.ch\/index.php?rest_route=\/wp\/v2\/pages\/154"}],"collection":[{"href":"https:\/\/2p-renovations.ch\/index.php?rest_route=\/wp\/v2\/pages"}],"about":[{"href":"https:\/\/2p-renovations.ch\/index.php?rest_route=\/wp\/v2\/types\/page"}],"author":[{"embeddable":true,"href":"https:\/\/2p-renovations.ch\/index.php?rest_route=\/wp\/v2\/users\/1"}],"replies":[{"embeddable":true,"href":"https:\/\/2p-renovations.ch\/index.php?rest_route=%2Fwp%2Fv2%2Fcomments&post=154"}],"version-history":[{"count":46,"href":"https:\/\/2p-renovations.ch\/index.php?rest_route=\/wp\/v2\/pages\/154\/revisions"}],"predecessor-version":[{"id":567,"href":"https:\/\/2p-renovations.ch\/index.php?rest_route=\/wp\/v2\/pages\/154\/revisions\/567"}],"wp:attachment":[{"href":"https:\/\/2p-renovations.ch\/index.php?rest_route=%2Fwp%2Fv2%2Fmedia&parent=154"}],"curies":[{"name":"wp","href":"https:\/\/api.w.org\/{rel}","templated":true}]}}